{"id":1316,"date":"2021-02-23T14:52:49","date_gmt":"2021-02-23T13:52:49","guid":{"rendered":"http:\/\/soplanen.com\/arbeitssicherheit\/"},"modified":"2022-12-20T09:36:56","modified_gmt":"2022-12-20T08:36:56","slug":"arbeitssicherheit","status":"publish","type":"page","link":"https:\/\/soplanen.com\/it\/home\/leistungen\/arbeitssicherheit\/","title":{"rendered":"Arbeitssicherheit"},"content":{"rendered":"<div data-colibri-id=\"1316-c1\" class=\"style-2360 style-local-1316-c1 position-relative\">\r\n  <!---->\r\n  <div data-colibri-component=\"section\" data-colibri-id=\"1316-c2\" id=\"features\" class=\"h-section h-section-global-spacing d-flex align-items-lg-center align-items-md-center align-items-center style-2361 style-local-1316-c2 position-relative\">\r\n    <!---->\r\n    <!---->\r\n    <div class=\"h-section-grid-container h-section-boxed-container\">\r\n      <!---->\r\n      <div data-colibri-id=\"1316-c3\" class=\"h-row-container gutters-row-lg-2 gutters-row-md-2 gutters-row-0 gutters-row-v-lg-2 gutters-row-v-md-2 gutters-row-v-2 style-2374 style-local-1316-c3 position-relative\">\r\n        <!---->\r\n        <div class=\"h-row justify-content-lg-center justify-content-md-center justify-content-center align-items-lg-stretch align-items-md-stretch align-items-stretch gutters-col-lg-2 gutters-col-md-2 gutters-col-0 gutters-col-v-lg-2 gutters-col-v-md-2 gutters-col-v-2\">\r\n          <!---->\r\n          <div class=\"h-column h-column-container d-flex h-col-lg-auto h-col-md-auto h-col-auto style-2375-outer style-local-1316-c4-outer\">\r\n            <div data-colibri-id=\"1316-c4\" class=\"d-flex h-flex-basis h-column__inner h-px-lg-2 h-px-md-2 h-px-2 v-inner-lg-2 v-inner-md-2 v-inner-2 style-2375 style-local-1316-c4 position-relative\">\r\n              <!---->\r\n              <!---->\r\n              <div class=\"w-100 h-y-container h-column__content h-column__v-align flex-basis-100 align-self-lg-start align-self-md-start align-self-start\">\r\n                <!---->\r\n                <div data-colibri-id=\"1316-c5\" class=\"h-global-transition-all h-heading style-2376 style-local-1316-c5 position-relative h-element\">\r\n                  <!---->\r\n                  <div class=\"h-heading__outer style-2376 style-local-1316-c5\">\r\n                    <!---->\r\n                    <!---->\r\n                    <h5 class=\"\">Unsere Leistungen bei der Arbeitssicherheit<\/h5>\r\n                  <\/div>\r\n                <\/div>\r\n                <div data-colibri-id=\"1316-c6\" class=\"h-text h-text-component style-2377 style-local-1316-c6 position-relative h-element\">\r\n                  <!---->\r\n                  <!---->\r\n                  <div class=\"\">\r\n                    <p>Die Vermeidung von Unf\u00e4llen auf der Baustelle hat oberste Priorit\u00e4t.&nbsp;<\/p>\r\n                  <\/div>\r\n                <\/div>\r\n                <div data-colibri-id=\"1316-c7\" class=\"style-2378 style-local-1316-c7 position-relative h-element\">\r\n                  <!---->\r\n                <\/div>\r\n              <\/div>\r\n            <\/div>\r\n          <\/div>\r\n        <\/div>\r\n      <\/div>\r\n      <div data-colibri-id=\"1316-c8\" class=\"h-row-container gutters-row-lg-1 gutters-row-md-1 gutters-row-2 gutters-row-v-lg-1 gutters-row-v-md-1 gutters-row-v-2 style-2362 style-local-1316-c8 position-relative\">\r\n        <!---->\r\n        <div class=\"h-row justify-content-lg-start justify-content-md-start justify-content-start align-items-lg-stretch align-items-md-stretch align-items-stretch gutters-col-lg-1 gutters-col-md-1 gutters-col-2 gutters-col-v-lg-1 gutters-col-v-md-1 gutters-col-v-2\">\r\n          <!---->\r\n          <div class=\"h-column h-column-container d-flex h-col-lg-6 h-col-md-6 h-col-12 style-2363-outer style-local-1316-c9-outer\">\r\n            <div data-colibri-id=\"1316-c9\" class=\"d-flex h-flex-basis h-column__inner h-px-lg-0 h-px-md-0 h-px-0 v-inner-lg-0 v-inner-md-0 v-inner-2 style-2363 style-local-1316-c9 position-relative\">\r\n              <!---->\r\n              <!---->\r\n              <div class=\"w-100 h-y-container h-column__content h-column__v-align flex-basis-100 align-self-lg-start align-self-md-start align-self-start\">\r\n                <!---->\r\n                <div data-colibri-id=\"1316-c10\" class=\"h-row-container gutters-row-lg-1 gutters-row-md-1 gutters-row-0 gutters-row-v-lg-1 gutters-row-v-md-1 gutters-row-v-2 style-2364 style-local-1316-c10 position-relative\">\r\n                  <!---->\r\n                  <div class=\"h-row justify-content-lg-start justify-content-md-start justify-content-start align-items-lg-stretch align-items-md-stretch align-items-stretch gutters-col-lg-1 gutters-col-md-1 gutters-col-0 gutters-col-v-lg-1 gutters-col-v-md-1 gutters-col-v-2\">\r\n                    <!---->\r\n                    <div class=\"h-column h-column-container d-flex h-col-lg-auto h-col-md-auto h-col-auto style-2365-outer style-local-1316-c11-outer\">\r\n                      <div data-colibri-id=\"1316-c11\" class=\"d-flex h-flex-basis h-column__inner h-px-lg-0 h-px-md-0 h-px-0 v-inner-lg-0 v-inner-md-0 v-inner-0 style-2365 style-local-1316-c11 position-relative\">\r\n                        <!---->\r\n                        <!---->\r\n                        <div class=\"w-100 h-y-container h-column__content h-column__v-align flex-basis-auto align-self-lg-start align-self-md-start align-self-start\">\r\n                          <!---->\r\n                          <div data-colibri-id=\"1316-c12\" class=\"h-icon style-2366 style-local-1316-c12 position-relative h-element\">\r\n                            <!----><span class=\"h-svg-icon h-icon__icon style-2366-icon style-local-1316-c12-icon\"><!--Icon by Icons8 Line Awesome (https:\/\/icons8.com\/line-awesome)--><svg version=\"1.1\" xmlns=\"http:\/\/www.w3.org\/2000\/svg\" xmlns:xlink=\"http:\/\/www.w3.org\/1999\/xlink\" id=\"lock\" viewbox=\"0 0 512 545.5\"><path d=\"M240 80c61.527 0 112 50.473 112 112v48h48v256H80V240h48v-48c0-61.527 50.473-112 112-112zm0 32c-44.072 0-80 35.928-80 80v48h160v-48c0-44.072-35.928-80-80-80zM112 272v192h256V272H112z\"><\/path><\/svg><\/span><\/div>\r\n                        <\/div>\r\n                      <\/div>\r\n                    <\/div>\r\n                    <div class=\"h-column h-column-container d-flex h-col-lg-auto h-col-md-auto h-col-auto style-2367-outer style-local-1316-c13-outer\">\r\n                      <div data-colibri-id=\"1316-c13\" class=\"d-flex h-flex-basis h-column__inner h-px-lg-0 h-px-md-0 h-px-0 v-inner-lg-0 v-inner-md-0 v-inner-0 style-2367 style-local-1316-c13 position-relative\">\r\n                        <!---->\r\n                        <!---->\r\n                        <div class=\"w-100 h-y-container h-column__content h-column__v-align flex-basis-100 align-self-lg-start align-self-md-start align-self-start\">\r\n                          <!---->\r\n                          <div data-colibri-id=\"1316-c14\" class=\"h-global-transition-all h-heading style-2368 style-local-1316-c14 position-relative h-element\">\r\n                            <!---->\r\n                            <div class=\"h-heading__outer style-2368 style-local-1316-c14\">\r\n                              <!---->\r\n                              <!---->\r\n                              <h4 class=\"\">Arbeitssicherheit&nbsp;<\/h4>\r\n                            <\/div>\r\n                          <\/div>\r\n                          <div data-colibri-id=\"1316-c15\" class=\"h-text h-text-component style-2369 style-local-1316-c15 position-relative h-element\">\r\n                            <!---->\r\n                            <!---->\r\n                            <div class=\"\">\r\n                              <p>SO sicher.<\/p>\r\n                              <p>Wir k\u00fcmmern uns um die Sicherheitskoordination in der Planungs- und Ausf\u00fchrungsphase und sorgen f\u00fcr eine sichere Baustelle.<\/p>\r\n                              <p>\r\n                                <br>\r\n                              <\/p>\r\n                              <p>\r\n                                <br>\r\n                              <\/p>\r\n                            <\/div>\r\n                          <\/div>\r\n                        <\/div>\r\n                      <\/div>\r\n                    <\/div>\r\n                  <\/div>\r\n                <\/div>\r\n              <\/div>\r\n            <\/div>\r\n          <\/div>\r\n          <div class=\"h-column h-column-container d-flex h-col-lg-6 h-col-md-6 h-col-12 style-2942-outer style-local-1316-c16-outer\">\r\n            <div data-colibri-id=\"1316-c16\" class=\"d-flex h-flex-basis h-column__inner h-ui-empty-state-container h-px-lg-2 h-px-md-2 h-px-2 v-inner-lg-2 v-inner-md-2 v-inner-2 style-2942 style-local-1316-c16 position-relative\">\r\n              <!---->\r\n              <!---->\r\n              <div class=\"w-100 h-y-container h-column__content h-column__v-align flex-basis-100\">\r\n                <!---->\r\n              <\/div>\r\n            <\/div>\r\n          <\/div>\r\n        <\/div>\r\n      <\/div>\r\n    <\/div>\r\n  <\/div>\r\n<\/div>","protected":false},"excerpt":{"rendered":"<p>Unsere Leistungen bei der Arbeitssicherheit Die Vermeidung von Unf\u00e4llen auf der Baustelle hat oberste Priorit\u00e4t.&nbsp; Arbeitssicherheit&nbsp; SO sicher. Wir k\u00fcmmern uns um die Sicherheitskoordination in der Planungs- und Ausf\u00fchrungsphase und sorgen f\u00fcr eine sichere Baustelle.<\/p>","protected":false},"author":1,"featured_media":0,"parent":679,"menu_order":0,"comment_status":"closed","ping_status":"closed","template":"page-templates\/full-width-page.php","meta":{"_monsterinsights_skip_tracking":false,"_monsterinsights_sitenote_active":false,"_monsterinsights_sitenote_note":"","_monsterinsights_sitenote_category":0,"footnotes":""},"class_list":["post-1316","page","type-page","status-publish","hentry"],"yoast_head":"<!-- This site is optimized with the Yoast SEO plugin v27.3 - https:\/\/yoast.com\/product\/yoast-seo-wordpress\/ -->\n<title>Arbeitssicherheit - SO planen - Ingenieure - Architekten - Geometer<\/title>\n<meta name=\"robots\" content=\"noindex, nofollow\" \/>\n<meta property=\"og:locale\" content=\"it_IT\" \/>\n<meta property=\"og:type\" content=\"article\" \/>\n<meta property=\"og:title\" content=\"Arbeitssicherheit - SO planen - Ingenieure - Architekten - Geometer\" \/>\n<meta property=\"og:description\" content=\"Unsere Leistungen bei der Arbeitssicherheit Die Vermeidung von Unf\u00e4llen auf der Baustelle hat oberste Priorit\u00e4t.&nbsp; Arbeitssicherheit&nbsp; SO sicher. Wir k\u00fcmmern uns um die Sicherheitskoordination in der Planungs- und Ausf\u00fchrungsphase und sorgen f\u00fcr eine sichere Baustelle.\" \/>\n<meta property=\"og:url\" content=\"https:\/\/soplanen.com\/it\/home\/leistungen\/arbeitssicherheit\/\" \/>\n<meta property=\"og:site_name\" content=\"SO planen\" \/>\n<meta property=\"article:publisher\" content=\"https:\/\/www.facebook.com\/SOplanen\" \/>\n<meta property=\"article:modified_time\" content=\"2022-12-20T08:36:56+00:00\" \/>\n<meta name=\"twitter:card\" content=\"summary_large_image\" \/>\n<meta name=\"twitter:label1\" content=\"Tempo di lettura stimato\" \/>\n\t<meta name=\"twitter:data1\" content=\"1 minute\" \/>\n<script type=\"application\/ld+json\" class=\"yoast-schema-graph\">{\"@context\":\"https:\\\/\\\/schema.org\",\"@graph\":[{\"@type\":\"WebPage\",\"@id\":\"https:\\\/\\\/soplanen.com\\\/home\\\/leistungen\\\/arbeitssicherheit\\\/\",\"url\":\"https:\\\/\\\/soplanen.com\\\/home\\\/leistungen\\\/arbeitssicherheit\\\/\",\"name\":\"Arbeitssicherheit - SO planen - Ingenieure - Architekten - Geometer\",\"isPartOf\":{\"@id\":\"https:\\\/\\\/soplanen.com\\\/#website\"},\"datePublished\":\"2021-02-23T13:52:49+00:00\",\"dateModified\":\"2022-12-20T08:36:56+00:00\",\"breadcrumb\":{\"@id\":\"https:\\\/\\\/soplanen.com\\\/home\\\/leistungen\\\/arbeitssicherheit\\\/#breadcrumb\"},\"inLanguage\":\"it-IT\",\"potentialAction\":[{\"@type\":\"ReadAction\",\"target\":[\"https:\\\/\\\/soplanen.com\\\/home\\\/leistungen\\\/arbeitssicherheit\\\/\"]}]},{\"@type\":\"BreadcrumbList\",\"@id\":\"https:\\\/\\\/soplanen.com\\\/home\\\/leistungen\\\/arbeitssicherheit\\\/#breadcrumb\",\"itemListElement\":[{\"@type\":\"ListItem\",\"position\":1,\"name\":\"Startseite\",\"item\":\"https:\\\/\\\/soplanen.com\\\/\"},{\"@type\":\"ListItem\",\"position\":2,\"name\":\"HOME\",\"item\":\"https:\\\/\\\/soplanen.com\\\/\"},{\"@type\":\"ListItem\",\"position\":3,\"name\":\"Leistungen\",\"item\":\"https:\\\/\\\/soplanen.com\\\/home\\\/leistungen\\\/\"},{\"@type\":\"ListItem\",\"position\":4,\"name\":\"Arbeitssicherheit\"}]},{\"@type\":\"WebSite\",\"@id\":\"https:\\\/\\\/soplanen.com\\\/#website\",\"url\":\"https:\\\/\\\/soplanen.com\\\/\",\"name\":\"SO planen\",\"description\":\"Ingenieure . Architekten . Geometer\",\"publisher\":{\"@id\":\"https:\\\/\\\/soplanen.com\\\/#organization\"},\"potentialAction\":[{\"@type\":\"SearchAction\",\"target\":{\"@type\":\"EntryPoint\",\"urlTemplate\":\"https:\\\/\\\/soplanen.com\\\/?s={search_term_string}\"},\"query-input\":{\"@type\":\"PropertyValueSpecification\",\"valueRequired\":true,\"valueName\":\"search_term_string\"}}],\"inLanguage\":\"it-IT\"},{\"@type\":\"Organization\",\"@id\":\"https:\\\/\\\/soplanen.com\\\/#organization\",\"name\":\"SO planen\",\"url\":\"https:\\\/\\\/soplanen.com\\\/\",\"logo\":{\"@type\":\"ImageObject\",\"inLanguage\":\"it-IT\",\"@id\":\"https:\\\/\\\/soplanen.com\\\/#\\\/schema\\\/logo\\\/image\\\/\",\"url\":\"https:\\\/\\\/soplanen.com\\\/wp-content\\\/uploads\\\/2021\\\/02\\\/cropped-SO-planen-LOGO-05-1.jpg\",\"contentUrl\":\"https:\\\/\\\/soplanen.com\\\/wp-content\\\/uploads\\\/2021\\\/02\\\/cropped-SO-planen-LOGO-05-1.jpg\",\"width\":2245,\"height\":2280,\"caption\":\"SO planen\"},\"image\":{\"@id\":\"https:\\\/\\\/soplanen.com\\\/#\\\/schema\\\/logo\\\/image\\\/\"},\"sameAs\":[\"https:\\\/\\\/www.facebook.com\\\/SOplanen\",\"https:\\\/\\\/www.instagram.com\\\/soplanen\\\/\"]}]}<\/script>\n<!-- \/ Yoast SEO plugin. -->","yoast_head_json":{"title":"Arbeitssicherheit - SO planen - Ingenieure - Architekten - Geometer","robots":{"index":"noindex","follow":"nofollow"},"og_locale":"it_IT","og_type":"article","og_title":"Arbeitssicherheit - SO planen - Ingenieure - Architekten - Geometer","og_description":"Unsere Leistungen bei der Arbeitssicherheit Die Vermeidung von Unf\u00e4llen auf der Baustelle hat oberste Priorit\u00e4t.&nbsp; Arbeitssicherheit&nbsp; SO sicher. Wir k\u00fcmmern uns um die Sicherheitskoordination in der Planungs- und Ausf\u00fchrungsphase und sorgen f\u00fcr eine sichere Baustelle.","og_url":"https:\/\/soplanen.com\/it\/home\/leistungen\/arbeitssicherheit\/","og_site_name":"SO planen","article_publisher":"https:\/\/www.facebook.com\/SOplanen","article_modified_time":"2022-12-20T08:36:56+00:00","twitter_card":"summary_large_image","twitter_misc":{"Tempo di lettura stimato":"1 minute"},"schema":{"@context":"https:\/\/schema.org","@graph":[{"@type":"WebPage","@id":"https:\/\/soplanen.com\/home\/leistungen\/arbeitssicherheit\/","url":"https:\/\/soplanen.com\/home\/leistungen\/arbeitssicherheit\/","name":"Arbeitssicherheit - SO planen - Ingenieure - Architekten - Geometer","isPartOf":{"@id":"https:\/\/soplanen.com\/#website"},"datePublished":"2021-02-23T13:52:49+00:00","dateModified":"2022-12-20T08:36:56+00:00","breadcrumb":{"@id":"https:\/\/soplanen.com\/home\/leistungen\/arbeitssicherheit\/#breadcrumb"},"inLanguage":"it-IT","potentialAction":[{"@type":"ReadAction","target":["https:\/\/soplanen.com\/home\/leistungen\/arbeitssicherheit\/"]}]},{"@type":"BreadcrumbList","@id":"https:\/\/soplanen.com\/home\/leistungen\/arbeitssicherheit\/#breadcrumb","itemListElement":[{"@type":"ListItem","position":1,"name":"Startseite","item":"https:\/\/soplanen.com\/"},{"@type":"ListItem","position":2,"name":"HOME","item":"https:\/\/soplanen.com\/"},{"@type":"ListItem","position":3,"name":"Leistungen","item":"https:\/\/soplanen.com\/home\/leistungen\/"},{"@type":"ListItem","position":4,"name":"Arbeitssicherheit"}]},{"@type":"WebSite","@id":"https:\/\/soplanen.com\/#website","url":"https:\/\/soplanen.com\/","name":"SO planen","description":"Ingenieure . Architekten . Geometer","publisher":{"@id":"https:\/\/soplanen.com\/#organization"},"potentialAction":[{"@type":"SearchAction","target":{"@type":"EntryPoint","urlTemplate":"https:\/\/soplanen.com\/?s={search_term_string}"},"query-input":{"@type":"PropertyValueSpecification","valueRequired":true,"valueName":"search_term_string"}}],"inLanguage":"it-IT"},{"@type":"Organization","@id":"https:\/\/soplanen.com\/#organization","name":"SO planen","url":"https:\/\/soplanen.com\/","logo":{"@type":"ImageObject","inLanguage":"it-IT","@id":"https:\/\/soplanen.com\/#\/schema\/logo\/image\/","url":"https:\/\/soplanen.com\/wp-content\/uploads\/2021\/02\/cropped-SO-planen-LOGO-05-1.jpg","contentUrl":"https:\/\/soplanen.com\/wp-content\/uploads\/2021\/02\/cropped-SO-planen-LOGO-05-1.jpg","width":2245,"height":2280,"caption":"SO planen"},"image":{"@id":"https:\/\/soplanen.com\/#\/schema\/logo\/image\/"},"sameAs":["https:\/\/www.facebook.com\/SOplanen","https:\/\/www.instagram.com\/soplanen\/"]}]}},"_links":{"self":[{"href":"https:\/\/soplanen.com\/it\/wp-json\/wp\/v2\/pages\/1316","targetHints":{"allow":["GET"]}}],"collection":[{"href":"https:\/\/soplanen.com\/it\/wp-json\/wp\/v2\/pages"}],"about":[{"href":"https:\/\/soplanen.com\/it\/wp-json\/wp\/v2\/types\/page"}],"author":[{"embeddable":true,"href":"https:\/\/soplanen.com\/it\/wp-json\/wp\/v2\/users\/1"}],"replies":[{"embeddable":true,"href":"https:\/\/soplanen.com\/it\/wp-json\/wp\/v2\/comments?post=1316"}],"version-history":[{"count":9,"href":"https:\/\/soplanen.com\/it\/wp-json\/wp\/v2\/pages\/1316\/revisions"}],"predecessor-version":[{"id":3627,"href":"https:\/\/soplanen.com\/it\/wp-json\/wp\/v2\/pages\/1316\/revisions\/3627"}],"up":[{"embeddable":true,"href":"https:\/\/soplanen.com\/it\/wp-json\/wp\/v2\/pages\/679"}],"wp:attachment":[{"href":"https:\/\/soplanen.com\/it\/wp-json\/wp\/v2\/media?parent=1316"}],"curies":[{"name":"wp","href":"https:\/\/api.w.org\/{rel}","templated":true}]}}