{"id":1317,"date":"2021-02-23T14:59:56","date_gmt":"2021-02-23T13:59:56","guid":{"rendered":"http:\/\/soplanen.com\/klimahaus\/"},"modified":"2022-12-20T09:35:50","modified_gmt":"2022-12-20T08:35:50","slug":"klimahaus","status":"publish","type":"page","link":"https:\/\/soplanen.com\/it\/home\/leistungen\/klimahaus\/","title":{"rendered":"Klimahaus"},"content":{"rendered":"<div data-colibri-id=\"1317-c1\" class=\"style-2379 style-local-1317-c1 position-relative\">\r\n  <!---->\r\n  <div data-colibri-component=\"section\" data-colibri-id=\"1317-c2\" id=\"features\" class=\"h-section h-section-global-spacing d-flex align-items-lg-center align-items-md-center align-items-center style-2380 style-local-1317-c2 position-relative\">\r\n    <!---->\r\n    <!---->\r\n    <div class=\"h-section-grid-container h-section-boxed-container\">\r\n      <!---->\r\n      <div data-colibri-id=\"1317-c3\" class=\"h-row-container gutters-row-lg-2 gutters-row-md-2 gutters-row-0 gutters-row-v-lg-2 gutters-row-v-md-2 gutters-row-v-2 style-2393 style-local-1317-c3 position-relative\">\r\n        <!---->\r\n        <div class=\"h-row justify-content-lg-center justify-content-md-center justify-content-center align-items-lg-stretch align-items-md-stretch align-items-stretch gutters-col-lg-2 gutters-col-md-2 gutters-col-0 gutters-col-v-lg-2 gutters-col-v-md-2 gutters-col-v-2\">\r\n          <!---->\r\n          <div class=\"h-column h-column-container d-flex h-col-lg-auto h-col-md-auto h-col-auto style-2394-outer style-local-1317-c4-outer\">\r\n            <div data-colibri-id=\"1317-c4\" class=\"d-flex h-flex-basis h-column__inner h-px-lg-2 h-px-md-2 h-px-2 v-inner-lg-2 v-inner-md-2 v-inner-2 style-2394 style-local-1317-c4 position-relative\">\r\n              <!---->\r\n              <!---->\r\n              <div class=\"w-100 h-y-container h-column__content h-column__v-align flex-basis-100 align-self-lg-start align-self-md-start align-self-start\">\r\n                <!---->\r\n                <div data-colibri-id=\"1317-c5\" class=\"h-global-transition-all h-heading style-2397 style-local-1317-c5 position-relative h-element\">\r\n                  <!---->\r\n                  <div class=\"h-heading__outer style-2397 style-local-1317-c5\">\r\n                    <!---->\r\n                    <!---->\r\n                    <h2 class=\"\">Unsere Leistungen zum Klimahaus<\/h2>\r\n                  <\/div>\r\n                <\/div>\r\n                <div data-colibri-id=\"1317-c6\" class=\"h-text h-text-component style-2396 style-local-1317-c6 position-relative h-element\">\r\n                  <!---->\r\n                  <!---->\r\n                  <div class=\"\">\r\n                    <p>Nachhaltiges und energieeffizientes Bauen wird von Tag zu Tag wichtiger. Wir erstellen die notwendigen Berechnungen und beraten dich diesbez\u00fcglich.&nbsp;<\/p>\r\n                  <\/div>\r\n                <\/div>\r\n                <div data-colibri-id=\"1317-c7\" class=\"style-2395 style-local-1317-c7 position-relative h-element\">\r\n                  <!---->\r\n                <\/div>\r\n              <\/div>\r\n            <\/div>\r\n          <\/div>\r\n        <\/div>\r\n      <\/div>\r\n      <div data-colibri-id=\"1317-c8\" class=\"h-row-container gutters-row-lg-1 gutters-row-md-1 gutters-row-2 gutters-row-v-lg-1 gutters-row-v-md-1 gutters-row-v-2 style-2381 style-local-1317-c8 position-relative\">\r\n        <!---->\r\n        <div class=\"h-row justify-content-lg-center justify-content-md-center justify-content-center align-items-lg-stretch align-items-md-stretch align-items-stretch gutters-col-lg-1 gutters-col-md-1 gutters-col-2 gutters-col-v-lg-1 gutters-col-v-md-1 gutters-col-v-2\">\r\n          <!---->\r\n          <div class=\"h-column h-column-container d-flex h-col-lg-6 h-col-md-6 h-col-12 style-2382-outer style-local-1317-c9-outer\">\r\n            <div data-colibri-id=\"1317-c9\" class=\"d-flex h-flex-basis h-column__inner h-px-lg-0 h-px-md-0 h-px-0 v-inner-lg-0 v-inner-md-0 v-inner-2 style-2382 style-local-1317-c9 position-relative\">\r\n              <!---->\r\n              <!---->\r\n              <div class=\"w-100 h-y-container h-column__content h-column__v-align flex-basis-100 align-self-lg-start align-self-md-start align-self-start\">\r\n                <!---->\r\n                <div data-colibri-id=\"1317-c10\" class=\"h-row-container gutters-row-lg-1 gutters-row-md-1 gutters-row-0 gutters-row-v-lg-1 gutters-row-v-md-1 gutters-row-v-2 style-2383 style-local-1317-c10 position-relative\">\r\n                  <!---->\r\n                  <div class=\"h-row justify-content-lg-center justify-content-md-center justify-content-center align-items-lg-stretch align-items-md-stretch align-items-stretch gutters-col-lg-1 gutters-col-md-1 gutters-col-0 gutters-col-v-lg-1 gutters-col-v-md-1 gutters-col-v-2\">\r\n                    <!---->\r\n                    <div class=\"h-column h-column-container d-flex h-col-lg-auto h-col-md-auto h-col-auto style-2384-outer style-local-1317-c11-outer\">\r\n                      <div data-colibri-id=\"1317-c11\" class=\"d-flex h-flex-basis h-column__inner h-px-lg-0 h-px-md-0 h-px-0 v-inner-lg-0 v-inner-md-0 v-inner-0 style-2384 style-local-1317-c11 position-relative\">\r\n                        <!---->\r\n                        <!---->\r\n                        <div class=\"w-100 h-y-container h-column__content h-column__v-align flex-basis-auto align-self-lg-start align-self-md-start align-self-start\">\r\n                          <!---->\r\n                          <div data-colibri-id=\"1317-c12\" class=\"h-icon style-2385 style-local-1317-c12 position-relative h-element\">\r\n                            <!----><span class=\"h-svg-icon h-icon__icon style-2385-icon style-local-1317-c12-icon\"><!--Icon by Icons8 Line Awesome (https:\/\/icons8.com\/line-awesome)--><svg version=\"1.1\" xmlns=\"http:\/\/www.w3.org\/2000\/svg\" xmlns:xlink=\"http:\/\/www.w3.org\/1999\/xlink\" id=\"bolt\" viewbox=\"0 0 512 545.5\"><path d=\"M302 96l23 22-96.5 102.5 116 70L362 301l-14.5 14.5L215 448h73v32H160V352h32v73l118-118-115-69.5-17-10 13.5-14.5z\"><\/path><\/svg><\/span><\/div>\r\n                        <\/div>\r\n                      <\/div>\r\n                    <\/div>\r\n                    <div class=\"h-column h-column-container d-flex h-col-lg h-col-md h-col-auto style-2386-outer style-local-1317-c13-outer\">\r\n                      <div data-colibri-id=\"1317-c13\" class=\"d-flex h-flex-basis h-column__inner h-px-lg-0 h-px-md-0 h-px-0 v-inner-lg-0 v-inner-md-0 v-inner-0 style-2386 style-local-1317-c13 position-relative\">\r\n                        <!---->\r\n                        <!---->\r\n                        <div class=\"w-100 h-y-container h-column__content h-column__v-align flex-basis-100 align-self-lg-start align-self-md-start align-self-start\">\r\n                          <!---->\r\n                          <div data-colibri-id=\"1317-c14\" class=\"h-global-transition-all h-heading style-2387 style-local-1317-c14 position-relative h-element\">\r\n                            <!---->\r\n                            <div class=\"h-heading__outer style-2387 style-local-1317-c14\">\r\n                              <!---->\r\n                              <!---->\r\n                              <h4 class=\"\">Klimahausberechnung &#8211; Energieeffizientes Bauen<\/h4>\r\n                            <\/div>\r\n                          <\/div>\r\n                          <div data-colibri-id=\"1317-c15\" class=\"h-text h-text-component style-2388 style-local-1317-c15 position-relative h-element\">\r\n                            <!---->\r\n                            <!---->\r\n                            <div class=\"\">\r\n                              <p>Wir bereiten alle notwendigen Unterlagen f\u00fcr die Abgabe an die&nbsp; Klimahaus &#8211; Agentur vor und machen die Klimahaus &#8211; Berechnungen f\u00fcr dein Bauvorhaben.&nbsp;<\/p>\r\n                            <\/div>\r\n                          <\/div>\r\n                        <\/div>\r\n                      <\/div>\r\n                    <\/div>\r\n                  <\/div>\r\n                <\/div>\r\n              <\/div>\r\n            <\/div>\r\n          <\/div>\r\n          <div class=\"h-column h-column-container d-flex h-col-lg-6 h-col-md-6 h-col-12 style-2382-outer style-local-1317-c16-outer\">\r\n            <div data-colibri-id=\"1317-c16\" class=\"d-flex h-flex-basis h-column__inner h-px-lg-0 h-px-md-0 h-px-0 v-inner-lg-0 v-inner-md-0 v-inner-2 style-2382 style-local-1317-c16 position-relative\">\r\n              <!---->\r\n              <!---->\r\n              <div class=\"w-100 h-y-container h-column__content h-column__v-align flex-basis-100 align-self-lg-start align-self-md-start align-self-start\">\r\n                <!---->\r\n                <div data-colibri-id=\"1317-c17\" class=\"h-row-container gutters-row-lg-1 gutters-row-md-1 gutters-row-0 gutters-row-v-lg-1 gutters-row-v-md-1 gutters-row-v-2 style-2383 style-local-1317-c17 position-relative\">\r\n                  <!---->\r\n                  <div class=\"h-row justify-content-lg-center justify-content-md-center justify-content-center align-items-lg-stretch align-items-md-stretch align-items-stretch gutters-col-lg-1 gutters-col-md-1 gutters-col-0 gutters-col-v-lg-1 gutters-col-v-md-1 gutters-col-v-2\">\r\n                    <!---->\r\n                    <div class=\"h-column h-column-container d-flex h-col-lg-auto h-col-md-auto h-col-auto style-2384-outer style-local-1317-c18-outer\">\r\n                      <div data-colibri-id=\"1317-c18\" class=\"d-flex h-flex-basis h-column__inner h-px-lg-0 h-px-md-0 h-px-0 v-inner-lg-0 v-inner-md-0 v-inner-0 style-2384 style-local-1317-c18 position-relative\">\r\n                        <!---->\r\n                        <!---->\r\n                        <div class=\"w-100 h-y-container h-column__content h-column__v-align flex-basis-auto align-self-lg-start align-self-md-start align-self-start\">\r\n                          <!---->\r\n                          <div data-colibri-id=\"1317-c19\" class=\"h-icon style-2385 style-local-1317-c19 position-relative h-element\">\r\n                            <!----><span class=\"h-svg-icon h-icon__icon style-2385-icon style-local-1317-c19-icon\"><!--Icon by Icons8 Line Awesome (https:\/\/icons8.com\/line-awesome)--><svg version=\"1.1\" xmlns=\"http:\/\/www.w3.org\/2000\/svg\" xmlns:xlink=\"http:\/\/www.w3.org\/1999\/xlink\" id=\"plug\" viewbox=\"0 0 512 545.5\"><path d=\"M352 89.5l22.5 22.5-63.5 64 57 57 64-63.5 22.5 22.5-63.5 64 36.5 36.5-23 23-12-12-82 82c-19.4 19.4-51.1 19.4-70.5 0L210.5 356l-119 119.5-23-23 119.5-119-29.5-29.5c-19.4-19.4-19.4-51.1 0-70.5l82-82-12-12 23-23L288 153zM263 174l-82 82c-6.2 6.2-6.2 19.3 0 25.5l81.5 81.5c6.2 6.2 19.3 6.2 25.5 0l82-82z\"><\/path><\/svg><\/span><\/div>\r\n                        <\/div>\r\n                      <\/div>\r\n                    <\/div>\r\n                    <div class=\"h-column h-column-container d-flex h-col-lg h-col-md h-col-auto style-2386-outer style-local-1317-c20-outer\">\r\n                      <div data-colibri-id=\"1317-c20\" class=\"d-flex h-flex-basis h-column__inner h-px-lg-0 h-px-md-0 h-px-0 v-inner-lg-0 v-inner-md-0 v-inner-0 style-2386 style-local-1317-c20 position-relative\">\r\n                        <!---->\r\n                        <!---->\r\n                        <div class=\"w-100 h-y-container h-column__content h-column__v-align flex-basis-100 align-self-lg-start align-self-md-start align-self-start\">\r\n                          <!---->\r\n                          <div data-colibri-id=\"1317-c21\" class=\"h-global-transition-all h-heading style-2387 style-local-1317-c21 position-relative h-element\">\r\n                            <!---->\r\n                            <div class=\"h-heading__outer style-2387 style-local-1317-c21\">\r\n                              <!---->\r\n                              <!---->\r\n                              <h4 class=\"\">Nachhaltiges Bauen <\/h4>\r\n                            <\/div>\r\n                          <\/div>\r\n                          <div data-colibri-id=\"1317-c22\" class=\"h-text h-text-component style-2388 style-local-1317-c22 position-relative h-element\">\r\n                            <!---->\r\n                            <!---->\r\n                            <div class=\"\">\r\n                              <p>Wir beraten dich gern in Bezug auf nachhaltige Baumaterialien und umweltfreundliche Heiz- und K\u00fchlsysteme.<\/p>\r\n                            <\/div>\r\n                          <\/div>\r\n                        <\/div>\r\n                      <\/div>\r\n                    <\/div>\r\n                  <\/div>\r\n                <\/div>\r\n              <\/div>\r\n            <\/div>\r\n          <\/div>\r\n        <\/div>\r\n      <\/div>\r\n    <\/div>\r\n  <\/div>\r\n<\/div>","protected":false},"excerpt":{"rendered":"<p>Unsere Leistungen zum Klimahaus Nachhaltiges und energieeffizientes Bauen wird von Tag zu Tag wichtiger. Wir erstellen die notwendigen Berechnungen und beraten dich diesbez\u00fcglich.&nbsp; Klimahausberechnung &#8211; Energieeffizientes Bauen Wir bereiten alle notwendigen Unterlagen f\u00fcr die Abgabe an die&nbsp; Klimahaus &#8211; Agentur vor und machen die Klimahaus &#8211; Berechnungen f\u00fcr dein Bauvorhaben.&nbsp; Nachhaltiges Bauen Wir beraten dich [&hellip;]<\/p>\n","protected":false},"author":1,"featured_media":0,"parent":679,"menu_order":0,"comment_status":"closed","ping_status":"closed","template":"page-templates\/full-width-page.php","meta":{"_monsterinsights_skip_tracking":false,"_monsterinsights_sitenote_active":false,"_monsterinsights_sitenote_note":"","_monsterinsights_sitenote_category":0,"footnotes":""},"class_list":["post-1317","page","type-page","status-publish","hentry"],"yoast_head":"<!-- This site is optimized with the Yoast SEO plugin v27.3 - https:\/\/yoast.com\/product\/yoast-seo-wordpress\/ -->\n<title>Klimahaus - SO planen - Ingenieure - Architekten - Geometer<\/title>\n<meta name=\"robots\" content=\"noindex, nofollow\" \/>\n<meta property=\"og:locale\" content=\"it_IT\" \/>\n<meta property=\"og:type\" content=\"article\" \/>\n<meta property=\"og:title\" content=\"Klimahaus - SO planen - Ingenieure - Architekten - Geometer\" \/>\n<meta property=\"og:description\" content=\"Unsere Leistungen zum Klimahaus Nachhaltiges und energieeffizientes Bauen wird von Tag zu Tag wichtiger. Wir erstellen die notwendigen Berechnungen und beraten dich diesbez\u00fcglich.&nbsp; Klimahausberechnung &#8211; Energieeffizientes Bauen Wir bereiten alle notwendigen Unterlagen f\u00fcr die Abgabe an die&nbsp; Klimahaus &#8211; Agentur vor und machen die Klimahaus &#8211; Berechnungen f\u00fcr dein Bauvorhaben.&nbsp; Nachhaltiges Bauen Wir beraten dich [&hellip;]\" \/>\n<meta property=\"og:url\" content=\"https:\/\/soplanen.com\/it\/home\/leistungen\/klimahaus\/\" \/>\n<meta property=\"og:site_name\" content=\"SO planen\" \/>\n<meta property=\"article:publisher\" content=\"https:\/\/www.facebook.com\/SOplanen\" \/>\n<meta property=\"article:modified_time\" content=\"2022-12-20T08:35:50+00:00\" \/>\n<meta name=\"twitter:card\" content=\"summary_large_image\" \/>\n<meta name=\"twitter:label1\" content=\"Tempo di lettura stimato\" \/>\n\t<meta name=\"twitter:data1\" content=\"1 minute\" \/>\n<script type=\"application\/ld+json\" class=\"yoast-schema-graph\">{\"@context\":\"https:\\\/\\\/schema.org\",\"@graph\":[{\"@type\":\"WebPage\",\"@id\":\"https:\\\/\\\/soplanen.com\\\/home\\\/leistungen\\\/klimahaus\\\/\",\"url\":\"https:\\\/\\\/soplanen.com\\\/home\\\/leistungen\\\/klimahaus\\\/\",\"name\":\"Klimahaus - SO planen - Ingenieure - Architekten - Geometer\",\"isPartOf\":{\"@id\":\"https:\\\/\\\/soplanen.com\\\/#website\"},\"datePublished\":\"2021-02-23T13:59:56+00:00\",\"dateModified\":\"2022-12-20T08:35:50+00:00\",\"breadcrumb\":{\"@id\":\"https:\\\/\\\/soplanen.com\\\/home\\\/leistungen\\\/klimahaus\\\/#breadcrumb\"},\"inLanguage\":\"it-IT\",\"potentialAction\":[{\"@type\":\"ReadAction\",\"target\":[\"https:\\\/\\\/soplanen.com\\\/home\\\/leistungen\\\/klimahaus\\\/\"]}]},{\"@type\":\"BreadcrumbList\",\"@id\":\"https:\\\/\\\/soplanen.com\\\/home\\\/leistungen\\\/klimahaus\\\/#breadcrumb\",\"itemListElement\":[{\"@type\":\"ListItem\",\"position\":1,\"name\":\"Startseite\",\"item\":\"https:\\\/\\\/soplanen.com\\\/\"},{\"@type\":\"ListItem\",\"position\":2,\"name\":\"HOME\",\"item\":\"https:\\\/\\\/soplanen.com\\\/\"},{\"@type\":\"ListItem\",\"position\":3,\"name\":\"Leistungen\",\"item\":\"https:\\\/\\\/soplanen.com\\\/home\\\/leistungen\\\/\"},{\"@type\":\"ListItem\",\"position\":4,\"name\":\"Klimahaus\"}]},{\"@type\":\"WebSite\",\"@id\":\"https:\\\/\\\/soplanen.com\\\/#website\",\"url\":\"https:\\\/\\\/soplanen.com\\\/\",\"name\":\"SO planen\",\"description\":\"Ingenieure . Architekten . Geometer\",\"publisher\":{\"@id\":\"https:\\\/\\\/soplanen.com\\\/#organization\"},\"potentialAction\":[{\"@type\":\"SearchAction\",\"target\":{\"@type\":\"EntryPoint\",\"urlTemplate\":\"https:\\\/\\\/soplanen.com\\\/?s={search_term_string}\"},\"query-input\":{\"@type\":\"PropertyValueSpecification\",\"valueRequired\":true,\"valueName\":\"search_term_string\"}}],\"inLanguage\":\"it-IT\"},{\"@type\":\"Organization\",\"@id\":\"https:\\\/\\\/soplanen.com\\\/#organization\",\"name\":\"SO planen\",\"url\":\"https:\\\/\\\/soplanen.com\\\/\",\"logo\":{\"@type\":\"ImageObject\",\"inLanguage\":\"it-IT\",\"@id\":\"https:\\\/\\\/soplanen.com\\\/#\\\/schema\\\/logo\\\/image\\\/\",\"url\":\"https:\\\/\\\/soplanen.com\\\/wp-content\\\/uploads\\\/2021\\\/02\\\/cropped-SO-planen-LOGO-05-1.jpg\",\"contentUrl\":\"https:\\\/\\\/soplanen.com\\\/wp-content\\\/uploads\\\/2021\\\/02\\\/cropped-SO-planen-LOGO-05-1.jpg\",\"width\":2245,\"height\":2280,\"caption\":\"SO planen\"},\"image\":{\"@id\":\"https:\\\/\\\/soplanen.com\\\/#\\\/schema\\\/logo\\\/image\\\/\"},\"sameAs\":[\"https:\\\/\\\/www.facebook.com\\\/SOplanen\",\"https:\\\/\\\/www.instagram.com\\\/soplanen\\\/\"]}]}<\/script>\n<!-- \/ Yoast SEO plugin. -->","yoast_head_json":{"title":"Klimahaus - SO planen - Ingenieure - Architekten - Geometer","robots":{"index":"noindex","follow":"nofollow"},"og_locale":"it_IT","og_type":"article","og_title":"Klimahaus - SO planen - Ingenieure - Architekten - Geometer","og_description":"Unsere Leistungen zum Klimahaus Nachhaltiges und energieeffizientes Bauen wird von Tag zu Tag wichtiger. Wir erstellen die notwendigen Berechnungen und beraten dich diesbez\u00fcglich.&nbsp; Klimahausberechnung &#8211; Energieeffizientes Bauen Wir bereiten alle notwendigen Unterlagen f\u00fcr die Abgabe an die&nbsp; Klimahaus &#8211; Agentur vor und machen die Klimahaus &#8211; Berechnungen f\u00fcr dein Bauvorhaben.&nbsp; Nachhaltiges Bauen Wir beraten dich [&hellip;]","og_url":"https:\/\/soplanen.com\/it\/home\/leistungen\/klimahaus\/","og_site_name":"SO planen","article_publisher":"https:\/\/www.facebook.com\/SOplanen","article_modified_time":"2022-12-20T08:35:50+00:00","twitter_card":"summary_large_image","twitter_misc":{"Tempo di lettura stimato":"1 minute"},"schema":{"@context":"https:\/\/schema.org","@graph":[{"@type":"WebPage","@id":"https:\/\/soplanen.com\/home\/leistungen\/klimahaus\/","url":"https:\/\/soplanen.com\/home\/leistungen\/klimahaus\/","name":"Klimahaus - SO planen - Ingenieure - Architekten - Geometer","isPartOf":{"@id":"https:\/\/soplanen.com\/#website"},"datePublished":"2021-02-23T13:59:56+00:00","dateModified":"2022-12-20T08:35:50+00:00","breadcrumb":{"@id":"https:\/\/soplanen.com\/home\/leistungen\/klimahaus\/#breadcrumb"},"inLanguage":"it-IT","potentialAction":[{"@type":"ReadAction","target":["https:\/\/soplanen.com\/home\/leistungen\/klimahaus\/"]}]},{"@type":"BreadcrumbList","@id":"https:\/\/soplanen.com\/home\/leistungen\/klimahaus\/#breadcrumb","itemListElement":[{"@type":"ListItem","position":1,"name":"Startseite","item":"https:\/\/soplanen.com\/"},{"@type":"ListItem","position":2,"name":"HOME","item":"https:\/\/soplanen.com\/"},{"@type":"ListItem","position":3,"name":"Leistungen","item":"https:\/\/soplanen.com\/home\/leistungen\/"},{"@type":"ListItem","position":4,"name":"Klimahaus"}]},{"@type":"WebSite","@id":"https:\/\/soplanen.com\/#website","url":"https:\/\/soplanen.com\/","name":"SO planen","description":"Ingenieure . Architekten . Geometer","publisher":{"@id":"https:\/\/soplanen.com\/#organization"},"potentialAction":[{"@type":"SearchAction","target":{"@type":"EntryPoint","urlTemplate":"https:\/\/soplanen.com\/?s={search_term_string}"},"query-input":{"@type":"PropertyValueSpecification","valueRequired":true,"valueName":"search_term_string"}}],"inLanguage":"it-IT"},{"@type":"Organization","@id":"https:\/\/soplanen.com\/#organization","name":"SO planen","url":"https:\/\/soplanen.com\/","logo":{"@type":"ImageObject","inLanguage":"it-IT","@id":"https:\/\/soplanen.com\/#\/schema\/logo\/image\/","url":"https:\/\/soplanen.com\/wp-content\/uploads\/2021\/02\/cropped-SO-planen-LOGO-05-1.jpg","contentUrl":"https:\/\/soplanen.com\/wp-content\/uploads\/2021\/02\/cropped-SO-planen-LOGO-05-1.jpg","width":2245,"height":2280,"caption":"SO planen"},"image":{"@id":"https:\/\/soplanen.com\/#\/schema\/logo\/image\/"},"sameAs":["https:\/\/www.facebook.com\/SOplanen","https:\/\/www.instagram.com\/soplanen\/"]}]}},"_links":{"self":[{"href":"https:\/\/soplanen.com\/it\/wp-json\/wp\/v2\/pages\/1317","targetHints":{"allow":["GET"]}}],"collection":[{"href":"https:\/\/soplanen.com\/it\/wp-json\/wp\/v2\/pages"}],"about":[{"href":"https:\/\/soplanen.com\/it\/wp-json\/wp\/v2\/types\/page"}],"author":[{"embeddable":true,"href":"https:\/\/soplanen.com\/it\/wp-json\/wp\/v2\/users\/1"}],"replies":[{"embeddable":true,"href":"https:\/\/soplanen.com\/it\/wp-json\/wp\/v2\/comments?post=1317"}],"version-history":[{"count":6,"href":"https:\/\/soplanen.com\/it\/wp-json\/wp\/v2\/pages\/1317\/revisions"}],"predecessor-version":[{"id":3579,"href":"https:\/\/soplanen.com\/it\/wp-json\/wp\/v2\/pages\/1317\/revisions\/3579"}],"up":[{"embeddable":true,"href":"https:\/\/soplanen.com\/it\/wp-json\/wp\/v2\/pages\/679"}],"wp:attachment":[{"href":"https:\/\/soplanen.com\/it\/wp-json\/wp\/v2\/media?parent=1317"}],"curies":[{"name":"wp","href":"https:\/\/api.w.org\/{rel}","templated":true}]}}